
 
 
{"id":587,"date":"2016-04-24T15:47:14","date_gmt":"2016-04-24T13:47:14","guid":{"rendered":"https:\/\/eko-gospodarstvo.com\/?page_id=587&#038;lang=en"},"modified":"2016-04-24T15:47:53","modified_gmt":"2016-04-24T13:47:53","slug":"contact","status":"publish","type":"page","link":"https:\/\/eko-gospodarstvo.com\/en\/contact\/","title":{"rendered":"Contact"},"content":{"rendered":"<img decoding=\"async\" src=\"https:\/\/eko-gospodarstvo.com\/wp-content\/uploads\/orlov-put.jpg\" alt=\"orlov-put\" \/>\n<p style=\"font-size:1.1em;font-weight:600;color:#227513;font-style:italic;\">Orlov put (Eagle Flyway) Eco Family Farm<br \/>\nOwners: Mr Goran Gusak (BAG \u2013 bachelor of agricultural engineering) and Irena Niki\u010di\u0107, bachelor of musik<\/p>\n<section class=kontak_t>Biljska \u0161uma 1, Kopa\u010devo, 31327 Bilje<br \/>\nphone catering: +385 91 2255 886, +385 31 750 498<br \/>\ne-mail: orlov.put1@gmail.com<br \/>\nwww.eko-gospodarstvo.com<br \/>\nwww.facebook.com\/orlov.put<\/section>\n<p><iframe src=\"http:\/\/maps.google.hr\/maps\/ms?msa=0&amp;msid=212169175304663853044.000490979507c7d410fa9&amp;hl=hr&amp;ie=UTF8&amp;t=m&amp;ll=45.613557,18.756065&amp;spn=0.06292,0.308304&amp;z=12&amp;output=embed\" frameborder=\"0\" marginwidth=\"0\" marginheight=\"0\" scrolling=\"no\"><\/iframe><br \/>\n<small>Prika\u017ei <a style=\"color: #0000ff; text-align: left;\" href=\"http:\/\/maps.google.hr\/maps\/ms?msa=0&amp;msid=212169175304663853044.000490979507c7d410fa9&amp;hl=hr&amp;ie=UTF8&amp;t=m&amp;ll=45.613557,18.756065&amp;spn=0.06292,0.308304&amp;z=12&amp;source=embed\">Orlov put<\/a> in a larger map<\/small><\/p>\n","protected":false},"excerpt":{"rendered":"<p>Orlov put (Eagle Flyway) Eco Family Farm Owners: Mr Goran Gusak (BAG \u2013 bachelor of agricultural engineering) and Irena Niki\u010di\u0107, bachelor of musik Biljska \u0161uma 1, Kopa\u010devo, 31327 Bilje phone catering: +385 91 2255 886, +385 31 750 498 e-mail: orlov.put1@gmail.com www.eko-gospodarstvo.com www.facebook.com\/orlov.put Prika\u017ei Orlov put in a larger map<\/p>\n","protected":false},"author":3,"featured_media":0,"parent":0,"menu_order":0,"comment_status":"closed","ping_status":"closed","template":"podstranice\/podstranice.php","meta":[],"_links":{"self":[{"href":"https:\/\/eko-gospodarstvo.com\/en\/wp-json\/wp\/v2\/pages\/587\/"}],"collection":[{"href":"https:\/\/eko-gospodarstvo.com\/en\/wp-json\/wp\/v2\/pages\/"}],"about":[{"href":"https:\/\/eko-gospodarstvo.com\/en\/wp-json\/wp\/v2\/types\/page\/"}],"author":[{"embeddable":true,"href":"https:\/\/eko-gospodarstvo.com\/en\/wp-json\/wp\/v2\/users\/3\/"}],"replies":[{"embeddable":true,"href":"https:\/\/eko-gospodarstvo.com\/en\/wp-json\/wp\/v2\/comments\/?post=587"}],"version-history":[{"count":2,"href":"https:\/\/eko-gospodarstvo.com\/en\/wp-json\/wp\/v2\/pages\/587\/revisions\/"}],"predecessor-version":[{"id":589,"href":"https:\/\/eko-gospodarstvo.com\/en\/wp-json\/wp\/v2\/pages\/587\/revisions\/589\/"}],"wp:attachment":[{"href":"https:\/\/eko-gospodarstvo.com\/en\/wp-json\/wp\/v2\/media\/?parent=587"}],"curies":[{"name":"wp","href":"https:\/\/api.w.org\/{rel}","templated":true}]}}