
 
 
{"id":624,"date":"2016-04-24T21:10:09","date_gmt":"2016-04-24T19:10:09","guid":{"rendered":"https:\/\/eko-gospodarstvo.com\/?page_id=624&#038;lang=de"},"modified":"2016-04-24T21:10:09","modified_gmt":"2016-04-24T19:10:09","slug":"kontakt","status":"publish","type":"page","link":"https:\/\/eko-gospodarstvo.com\/de\/kontakt\/","title":{"rendered":"Kontakt"},"content":{"rendered":"<img decoding=\"async\" src=\"https:\/\/eko-gospodarstvo.com\/wp-content\/uploads\/orlov-put.jpg\" alt=\"orlov-put\" \/>\n<p style=\"font-size:1.1em;font-weight:600;color:#227513;font-style:italic;\">Orlov put Bio-Hof<br \/>\nEigent\u00fcmer: Goran Gusak und Irena Niki\u010di\u0107<\/p>\n<section class=kontak_t>Biljska \u0161uma 1 , Kopa\u010devo, HR-31327 Bilje<br \/>\nTelefonnummer und Lieferung: +385 91 2255 886, +385 31 750 498<br \/>\nE-mail: orlov.put1@gmail.com<br \/>\nwww.eko-gospodarstvo.com<br \/>\nwww.facebook.com\/orlov.put<\/section>\n<p><iframe src=\"http:\/\/maps.google.hr\/maps\/ms?msa=0&amp;msid=212169175304663853044.000490979507c7d410fa9&amp;hl=hr&amp;ie=UTF8&amp;t=m&amp;ll=45.613557,18.756065&amp;spn=0.06292,0.308304&amp;z=12&amp;output=embed\" frameborder=\"0\" marginwidth=\"0\" marginheight=\"0\" scrolling=\"no\"><\/iframe><br \/>\n<small>Prika\u017ei <a style=\"color: #0000ff; text-align: left;\" href=\"http:\/\/maps.google.hr\/maps\/ms?msa=0&amp;msid=212169175304663853044.000490979507c7d410fa9&amp;hl=hr&amp;ie=UTF8&amp;t=m&amp;ll=45.613557,18.756065&amp;spn=0.06292,0.308304&amp;z=12&amp;source=embed\">Orlov put &#8211; Eko gospodarstvo<\/a> na ve\u0107oj karti<\/small><\/p>\n","protected":false},"excerpt":{"rendered":"<p>Orlov put Bio-Hof Eigent\u00fcmer: Goran Gusak und Irena Niki\u010di\u0107 Biljska \u0161uma 1 , Kopa\u010devo, HR-31327 Bilje Telefonnummer und Lieferung: +385 91 2255 886, +385 31 750 498 E-mail: orlov.put1@gmail.com www.eko-gospodarstvo.com www.facebook.com\/orlov.put Prika\u017ei Orlov put &#8211; Eko gospodarstvo na ve\u0107oj karti<\/p>\n","protected":false},"author":3,"featured_media":0,"parent":0,"menu_order":0,"comment_status":"closed","ping_status":"closed","template":"podstranice\/podstranice.php","meta":[],"_links":{"self":[{"href":"https:\/\/eko-gospodarstvo.com\/de\/wp-json\/wp\/v2\/pages\/624\/"}],"collection":[{"href":"https:\/\/eko-gospodarstvo.com\/de\/wp-json\/wp\/v2\/pages\/"}],"about":[{"href":"https:\/\/eko-gospodarstvo.com\/de\/wp-json\/wp\/v2\/types\/page\/"}],"author":[{"embeddable":true,"href":"https:\/\/eko-gospodarstvo.com\/de\/wp-json\/wp\/v2\/users\/3\/"}],"replies":[{"embeddable":true,"href":"https:\/\/eko-gospodarstvo.com\/de\/wp-json\/wp\/v2\/comments\/?post=624"}],"version-history":[{"count":1,"href":"https:\/\/eko-gospodarstvo.com\/de\/wp-json\/wp\/v2\/pages\/624\/revisions\/"}],"predecessor-version":[{"id":625,"href":"https:\/\/eko-gospodarstvo.com\/de\/wp-json\/wp\/v2\/pages\/624\/revisions\/625\/"}],"wp:attachment":[{"href":"https:\/\/eko-gospodarstvo.com\/de\/wp-json\/wp\/v2\/media\/?parent=624"}],"curies":[{"name":"wp","href":"https:\/\/api.w.org\/{rel}","templated":true}]}}