
 
 
{"id":622,"date":"2016-04-24T21:04:41","date_gmt":"2016-04-24T19:04:41","guid":{"rendered":"https:\/\/eko-gospodarstvo.com\/?page_id=622&#038;lang=de"},"modified":"2016-04-24T21:04:41","modified_gmt":"2016-04-24T19:04:41","slug":"eine-fuehrung-auf-dem-bauernhof","status":"publish","type":"page","link":"https:\/\/eko-gospodarstvo.com\/de\/eine-fuehrung-auf-dem-bauernhof\/","title":{"rendered":"Eine F\u00fchrung auf dem Bauernhof"},"content":{"rendered":"<h2>Das Reichtum der Erde und der Natur befindet sich auf Orlov put.<\/h2>\n<p>Unsere Besucher sind nicht nur umweltbewusste Liebhaber von Natur, Bio-Nahrung und Land,  jedes Jahr besuchen uns auch viele Kinder aus den \u00f6rtlichen Kinderg\u00e4rten und Schulen und nehmen an unseren Bio-Workshops teil. Die etwas \u00e4lteren Besucher wissen, dass man bei uns im Schatten der Akazienb\u00e4ume unsere hochwertige und leckere Bio-Nahrung geni\u00dfen kann.<\/p>\n<p><a href=\"https:\/\/eko-gospodarstvo.com\/virtualna2014\/Orlov_Put.html\" target=\"_blank\">Virtueller Rundgang<\/a><\/p>\n<hr>\n<iframe src=\"https:\/\/www.youtube.com\/embed\/ftqWPzKK-tQ\" frameborder=\"0\" allowfullscreen><\/iframe>\n","protected":false},"excerpt":{"rendered":"<p>Das Reichtum der Erde und der Natur befindet sich auf Orlov put. Unsere Besucher sind nicht nur umweltbewusste Liebhaber von Natur, Bio-Nahrung und Land, jedes Jahr besuchen uns auch viele Kinder aus den \u00f6rtlichen Kinderg\u00e4rten und Schulen und nehmen an unseren Bio-Workshops teil. Die etwas \u00e4lteren Besucher wissen, dass man bei uns im Schatten der [&hellip;]<\/p>\n","protected":false},"author":3,"featured_media":0,"parent":0,"menu_order":0,"comment_status":"closed","ping_status":"closed","template":"podstranice\/podstranice.php","meta":[],"_links":{"self":[{"href":"https:\/\/eko-gospodarstvo.com\/de\/wp-json\/wp\/v2\/pages\/622\/"}],"collection":[{"href":"https:\/\/eko-gospodarstvo.com\/de\/wp-json\/wp\/v2\/pages\/"}],"about":[{"href":"https:\/\/eko-gospodarstvo.com\/de\/wp-json\/wp\/v2\/types\/page\/"}],"author":[{"embeddable":true,"href":"https:\/\/eko-gospodarstvo.com\/de\/wp-json\/wp\/v2\/users\/3\/"}],"replies":[{"embeddable":true,"href":"https:\/\/eko-gospodarstvo.com\/de\/wp-json\/wp\/v2\/comments\/?post=622"}],"version-history":[{"count":1,"href":"https:\/\/eko-gospodarstvo.com\/de\/wp-json\/wp\/v2\/pages\/622\/revisions\/"}],"predecessor-version":[{"id":623,"href":"https:\/\/eko-gospodarstvo.com\/de\/wp-json\/wp\/v2\/pages\/622\/revisions\/623\/"}],"wp:attachment":[{"href":"https:\/\/eko-gospodarstvo.com\/de\/wp-json\/wp\/v2\/media\/?parent=622"}],"curies":[{"name":"wp","href":"https:\/\/api.w.org\/{rel}","templated":true}]}}